{"id":37,"date":"2015-09-18T11:00:50","date_gmt":"2015-09-18T09:00:50","guid":{"rendered":"https:\/\/www.pfadi-nueziders.at\/wordpress\/?page_id=37"},"modified":"2024-11-25T17:12:47","modified_gmt":"2024-11-25T16:12:47","slug":"stufen","status":"publish","type":"page","link":"https:\/\/www.pfadi-nueziders.at\/?page_id=37","title":{"rendered":"Stufen"},"content":{"rendered":"<p>[wiwo]<strong>Altersstufe:<\/strong> 7 bis 10 Jahre<\/p>\n<p>Den <strong>Wichteln<\/strong> (M\u00e4dchen) und <strong>W\u00f6lflingen<\/strong> (Buben) vermitteln wir in Zusammenarbeit mit der Natur altersgerecht und auf spielerische Art und Weise, wie sie ihren Alltag mit mehr Selbstvertrauen und Selbstverantwortung meistern k\u00f6nnen. Wir sind die meiste Zeit im Freien und lernen mit den Kindern, uns in der Natur zurecht zu finden, Feuer zu machen und richtig mit einem Taschenmesser umzugehen. Wir kochen dabei auch gemeinsam auf offenem Feuer und lernen die Ressourcen der Natur nachhaltig zu nutzen. Uns ist wichtig, dass die Kinder ein respektvolles Miteinander lernen und ein Bewusstsein f\u00fcr den Rest der Welt entwickeln. Was wir auch f\u00f6rdern wollen, ist die Kreativit\u00e4t und die Fantasie der Kinder, dass sie sich in ihrem eigenen Tempo entwickeln und entfalten k\u00f6nnen.<\/p>\n<p>Weitere Themen, mit denen wir uns besch\u00e4ftigen, sind Erste Hilfe, Mobbing, die eigene K\u00f6rperwahrnehmung, ein friedliches Miteinander und die Hygiene.<\/p>\n<p>Was aber unser allgegenw\u00e4rtiges Ziel ist: SEI EINFACH KIND! Bei uns darf man dreckig werden, rennen, laut sein und lachen. Wir rollen uns Wiesenh\u00fcgel hinunter, bauen Laubrutschen, machen Wasserschlachten und spielen gemeinsam unz\u00e4hlige Spiele.<\/p>\n<p>Noch Fragen? Wir sind nat\u00fcrlich jederzeit vor und nach den Heimstunden f\u00fcr euch da!<\/p>\n<p><strong>Heimstunden:<\/strong> laut Heimstundenplan<\/p>\n<p><strong>Kontakt:<\/strong> Janine, <a title=\"wiwo@pfadi-nueziders.at\" href=\".\/?page_id=79&amp;mail_rcpt=wiwo@pfadi-nueziders.at\">wiwo@pfadi-nueziders.at<\/a>[\/wiwo]<\/p>\n<p>[gusp]<strong>Altersstufe:<\/strong> 10 bis 13 Jahre<\/p>\n<p><strong>Guides<\/strong> (M\u00e4dchen) und <strong>Sp\u00e4her<\/strong> (Buben) \u00fcbernehmen in einem kleinen Team Verantwortung, erkennen eigene Qualit\u00e4ten und bringen sie in die Gruppe ein. Das Abenteuer im Rahmen von Outdoor-Camps und Wanderungen bietet den M\u00e4dchen und Buben pr\u00e4gende Erlebnisse.<\/p>\n<p>Die LeiterInnen gestalten mit den Guides und Sp\u00e4hern ein abwechslungsreiches Programm und unterst\u00fctzen sie dabei, im Team gemeinsame Entscheidungen zu treffen. Viele Aktivit\u00e4ten sind in der Natur und reichen vom Umgang mit Seil und Werkzeug, gemeinsamen Kochen, Spiel und Spa\u00df bis zur Auseinandersetzung mit der Umwelt, in der die Kinder leben, und Treffen mit PfadfinderInnen au\u00dferhalb der Gruppe.<\/p>\n<p><strong>Heimstunden:<\/strong> laut Heimstundenplan<\/p>\n<p><strong>Kontakt:<\/strong> Jenny, <a title=\"gusp@pfadi-nueziders.at\" href=\".\/?page_id=79&amp;mail_rcpt=gusp@pfadi-nueziders.at\">gusp@pfadi-nueziders.at<\/a>[\/gusp]<\/p>\n<p>[caex]<strong>Altersstufe:<\/strong> 13 bis 16 Jahre<\/p>\n<p><strong>Caravelles<\/strong> (M\u00e4dchen) und <strong>Explorer<\/strong> (Burschen) finden sich je nach Interesse in Kleingruppen zusammen. In Unternehmen, bei denen die Jugendlichen ihre eigenen Ideen einbringen, handeln sie bei der Planung und Durchf\u00fchrung immer selbst\u00e4ndiger.<\/p>\n<p>Die LeiterInnen unterst\u00fctzen die Jugendlichen, wo immer sie ihre Hilfe brauchen. F\u00fcr Caravelles und Explorer ist es wichtig, gemeinsam etwas zu bewegen und Zusammengeh\u00f6rigkeit nicht nur zu Hause, sondern \u00fcber Grenzen und V\u00f6lker hinweg zu erfahren. Internationale Treffen geben den Jugendlichen die Chance, interkulturelles Zusammenleben hautnah zu erleben.<\/p>\n<p><strong>Heimstunden:<\/strong> derzeit leider kein Heimstundenbetrieb<\/p>\n<p><strong>Kontakt:<\/strong> <a title=\"caex@pfadi-nueziders.at\" href=\".\/?page_id=79&amp;mail_rcpt=caex@pfadi-nueziders.at\">caex@pfadi-nueziders.at<\/a>[\/caex]<\/p>\n<p>[raro]<strong>Altersstufe:<\/strong> 16 bis 20 Jahre<\/p>\n<p><strong>Ranger<\/strong> (M\u00e4dchen) und <strong>Rover<\/strong> (Burschen) befassen sich mit selbstgew\u00e4hlten gemeinsamen Projekten zu verschiedensten Themen. Sie bereiten sich auf ihre Rolle als verantwortungsbewusste und engagierte Pers\u00f6nlichkeiten in der Gesellschaft vor.<\/p>\n<p>Die LeiterInnen begleiten die Jugendlichen bei ihren Aktivit\u00e4ten. Ranger und Rover erleben eine Gruppe von Freunden mit viel Spa\u00df, Abenteuer und Action. Sie stellen sich den Herausforderungen, die das Leben bietet. Ranger und Rover nehmen nach und nach ihr Leben immer mehr selbst in die Hand. Sie bereiten sich auf ihre Rolle als verantwortungsbewusste und engagierte Pers\u00f6nlichkeiten in der Gesellschaft vor.<\/p>\n<p><strong>Heimstunden:<\/strong> derzeit leider kein Heimstundenbetrieb<\/p>\n<p><strong>Kontakt:<\/strong> <a title=\"raro@pfadi-nueziders.at\" href=\".\/?page_id=79&amp;mail_rcpt=raro@pfadi-nueziders.at\">raro@pfadi-nueziders.at<\/a>[\/raro]<\/p>\n","protected":false},"excerpt":{"rendered":"<p>[wiwo]Altersstufe: 7 bis 10 Jahre Den Wichteln (M\u00e4dchen) und W\u00f6lflingen (Buben) vermitteln wir in Zusammenarbeit mit der Natur altersgerecht und auf spielerische Art und Weise, wie sie ihren Alltag mit mehr Selbstvertrauen und Selbstverantwortung meistern k\u00f6nnen. Wir sind die meiste &hellip; <a href=\"https:\/\/www.pfadi-nueziders.at\/?page_id=37\">Weiterlesen <span class=\"meta-nav\">&rarr;<\/span><\/a><\/p>\n","protected":false},"author":1,"featured_media":0,"parent":34,"menu_order":0,"comment_status":"closed","ping_status":"closed","template":"sidebar-page-about.php","meta":{"ngg_post_thumbnail":0,"footnotes":""},"class_list":["post-37","page","type-page","status-publish","hentry"],"_links":{"self":[{"href":"https:\/\/www.pfadi-nueziders.at\/index.php?rest_route=\/wp\/v2\/pages\/37","targetHints":{"allow":["GET"]}}],"collection":[{"href":"https:\/\/www.pfadi-nueziders.at\/index.php?rest_route=\/wp\/v2\/pages"}],"about":[{"href":"https:\/\/www.pfadi-nueziders.at\/index.php?rest_route=\/wp\/v2\/types\/page"}],"author":[{"embeddable":true,"href":"https:\/\/www.pfadi-nueziders.at\/index.php?rest_route=\/wp\/v2\/users\/1"}],"replies":[{"embeddable":true,"href":"https:\/\/www.pfadi-nueziders.at\/index.php?rest_route=%2Fwp%2Fv2%2Fcomments&post=37"}],"version-history":[{"count":44,"href":"https:\/\/www.pfadi-nueziders.at\/index.php?rest_route=\/wp\/v2\/pages\/37\/revisions"}],"predecessor-version":[{"id":4369,"href":"https:\/\/www.pfadi-nueziders.at\/index.php?rest_route=\/wp\/v2\/pages\/37\/revisions\/4369"}],"up":[{"embeddable":true,"href":"https:\/\/www.pfadi-nueziders.at\/index.php?rest_route=\/wp\/v2\/pages\/34"}],"wp:attachment":[{"href":"https:\/\/www.pfadi-nueziders.at\/index.php?rest_route=%2Fwp%2Fv2%2Fmedia&parent=37"}],"curies":[{"name":"wp","href":"https:\/\/api.w.org\/{rel}","templated":true}]}}