{"id":43,"date":"2015-09-18T11:02:10","date_gmt":"2015-09-18T09:02:10","guid":{"rendered":"https:\/\/www.pfadi-nueziders.at\/wordpress\/?page_id=43"},"modified":"2022-10-20T13:24:48","modified_gmt":"2022-10-20T11:24:48","slug":"unser-heim","status":"publish","type":"page","link":"https:\/\/www.pfadi-nueziders.at\/?page_id=43","title":{"rendered":"Unser Heim"},"content":{"rendered":"<p><img loading=\"lazy\" decoding=\"async\" class=\"alignnone wp-image-292 size-large\" src=\"https:\/\/www.pfadi-nueziders.at\/wp-content\/uploads\/2015\/09\/heim-1024x501.jpg\" alt=\"heim\" width=\"584\" height=\"286\" srcset=\"https:\/\/www.pfadi-nueziders.at\/wp-content\/uploads\/2015\/09\/heim-1024x501.jpg 1024w, https:\/\/www.pfadi-nueziders.at\/wp-content\/uploads\/2015\/09\/heim-300x147.jpg 300w, https:\/\/www.pfadi-nueziders.at\/wp-content\/uploads\/2015\/09\/heim-500x245.jpg 500w\" sizes=\"auto, (max-width: 584px) 100vw, 584px\" \/><\/p>\n<p>Unser Heim wurde <strong>1982<\/strong> in der Mittel\u00e4ule errichtet und noch im selben Jahr bezogen.<\/p>\n<p>Urspr\u00fcnglich als Sanit\u00e4tsbaracke im Tiroler K\u00fchtai erbaut, wurde es damals demontiert, nach N\u00fcziders transportiert und an seinem jetzigen Standort wieder zusammengesetzt.<\/p>\n<p>\u00dcber die Jahre haben wir unsere liebgewonnene Holzh\u00fctte immer weiter aus- und umgebaut. Heute verf\u00fcgt das Heim \u00fcber eine gut ausgestattete K\u00fcche, WCs mit Duschen, einen gro\u00dfen Aufenthaltsraum und drei Stufenzimmer.<\/p>\n<p>Gerne vermieten wir unser Heim f\u00fcr Lager, Ausbildungen oder Seminare an Pfadfindergruppen, Jugendorganisationen oder soziale Einrichtungen aus dem In- und Ausland. F\u00fcr Festivit\u00e4ten jeglicher Art steht die H\u00fctte nicht zur Verf\u00fcgung.<\/p>\n<p>Vermietungsanfragen d\u00fcrfen gerne an\u00a0<a title=\"vermietung@pfadi-nueziders.at\" href=\".\/?page_id=79&amp;mail_rcpt=vermietung@pfadi-nueziders.at\">vermietung@pfadi-nueziders.at<\/a>\u00a0gerichtet werden.<\/p>\n<hr \/>\n<p><strong>Heimbelegung<\/strong><\/p>\n<p><iframe loading=\"lazy\" style=\"border-width: 0;\" src=\"https:\/\/calendar.google.com\/calendar\/embed?showTitle=0&amp;showPrint=0&amp;showCalendars=0&amp;height=400&amp;wkst=2&amp;bgcolor=%23FFFFFF&amp;src=pfadinueziders%40gmail.com&amp;color=%23182C57&amp;src=a3030qrh1516ihniui9gb87qt4%40group.calendar.google.com&amp;color=%23711616&amp;ctz=Europe%2FVienna\" width=\"800\" height=\"400\" frameborder=\"0\" scrolling=\"no\"><\/iframe><br \/>\nLegende: <span style=\"color: #536ca6;\">interne Vermietung<\/span> | <span style=\"color: #ad2d2d;\">externe Vermietung<\/span><\/p>\n<hr \/>\n<p><strong>Anfahrtsplan<\/strong><\/p>\n<p><iframe loading=\"lazy\" style=\"border: 0;\" src=\"https:\/\/www.google.com\/maps\/embed?pb=!1m18!1m12!1m3!1d2712.19723413745!2d9.785932200000001!3d47.1735748!2m3!1f0!2f0!3f0!3m2!1i1024!2i768!4f13.1!3m3!1m2!1s0x479b4f6eae2ae151%3A0xb2a45b824a90b7ff!2sPfadfinder+N%C3%BCziders!5e0!3m2!1sde!2sat!4v1444136034160\" width=\"600\" height=\"450\" frameborder=\"0\" allowfullscreen=\"allowfullscreen\"><\/iframe><\/p>\n<hr \/>\n<p><img loading=\"lazy\" decoding=\"async\" class=\"size-medium wp-image-133 alignleft\" src=\"https:\/\/www.pfadi-nueziders.at\/wp-content\/uploads\/2015\/09\/1-205x300.jpeg\" alt=\"1\" width=\"205\" height=\"300\" srcset=\"https:\/\/www.pfadi-nueziders.at\/wp-content\/uploads\/2015\/09\/1-205x300.jpeg 205w, https:\/\/www.pfadi-nueziders.at\/wp-content\/uploads\/2015\/09\/1-701x1024.jpeg 701w, https:\/\/www.pfadi-nueziders.at\/wp-content\/uploads\/2015\/09\/1.jpeg 996w\" sizes=\"auto, (max-width: 205px) 100vw, 205px\" \/><\/p>\n<p>Bevor wir unser Heim in der Mittel\u00e4ule bezogen, verbrachten wir die ersten 10 Jahr unseres Bestehenes in der alten Sennh\u00fctte oberhalb des N\u00fcziger Friedhofs.<\/p>\n<p>Das rustikale Heim, bot neben einer zentralen Feuerstelle, einen von Spinnen bewohnten &#8222;K\u00e4skeller&#8220; und ein &#8211; \u00fcber eine abnehmbare Stiege zug\u00e4ngliches &#8211; Matrazenlager.<\/p>\n<p>Nach unserem Auszug verfiel das Geb\u00e4ude zunehmend und wurde schlie\u00dflich abgerissen.<\/p>\n","protected":false},"excerpt":{"rendered":"<p>Unser Heim wurde 1982 in der Mittel\u00e4ule errichtet und noch im selben Jahr bezogen. Urspr\u00fcnglich als Sanit\u00e4tsbaracke im Tiroler K\u00fchtai erbaut, wurde es damals demontiert, nach N\u00fcziders transportiert und an seinem jetzigen Standort wieder zusammengesetzt. \u00dcber die Jahre haben wir &hellip; <a href=\"https:\/\/www.pfadi-nueziders.at\/?page_id=43\">Weiterlesen <span class=\"meta-nav\">&rarr;<\/span><\/a><\/p>\n","protected":false},"author":1,"featured_media":0,"parent":0,"menu_order":3,"comment_status":"closed","ping_status":"closed","template":"sidebar-page.php","meta":{"ngg_post_thumbnail":0,"footnotes":""},"class_list":["post-43","page","type-page","status-publish","hentry"],"_links":{"self":[{"href":"https:\/\/www.pfadi-nueziders.at\/index.php?rest_route=\/wp\/v2\/pages\/43","targetHints":{"allow":["GET"]}}],"collection":[{"href":"https:\/\/www.pfadi-nueziders.at\/index.php?rest_route=\/wp\/v2\/pages"}],"about":[{"href":"https:\/\/www.pfadi-nueziders.at\/index.php?rest_route=\/wp\/v2\/types\/page"}],"author":[{"embeddable":true,"href":"https:\/\/www.pfadi-nueziders.at\/index.php?rest_route=\/wp\/v2\/users\/1"}],"replies":[{"embeddable":true,"href":"https:\/\/www.pfadi-nueziders.at\/index.php?rest_route=%2Fwp%2Fv2%2Fcomments&post=43"}],"version-history":[{"count":39,"href":"https:\/\/www.pfadi-nueziders.at\/index.php?rest_route=\/wp\/v2\/pages\/43\/revisions"}],"predecessor-version":[{"id":2713,"href":"https:\/\/www.pfadi-nueziders.at\/index.php?rest_route=\/wp\/v2\/pages\/43\/revisions\/2713"}],"wp:attachment":[{"href":"https:\/\/www.pfadi-nueziders.at\/index.php?rest_route=%2Fwp%2Fv2%2Fmedia&parent=43"}],"curies":[{"name":"wp","href":"https:\/\/api.w.org\/{rel}","templated":true}]}}