{"id":510,"date":"2015-12-18T15:26:05","date_gmt":"2015-12-18T14:26:05","guid":{"rendered":"https:\/\/www.pfadi-nueziders.at\/?page_id=510"},"modified":"2021-01-07T01:11:17","modified_gmt":"2021-01-07T00:11:17","slug":"weihnachtspakete-fuer-albanien","status":"publish","type":"page","link":"https:\/\/www.pfadi-nueziders.at\/?page_id=510","title":{"rendered":"Weihnachtspakete f\u00fcr Albanien&#8230;"},"content":{"rendered":"<p><img loading=\"lazy\" decoding=\"async\" class=\"size-medium wp-image-503 alignleft\" src=\"https:\/\/www.pfadi-nueziders.at\/wp-content\/uploads\/2015\/12\/Albanien01-300x225.jpg\" alt=\"Albanien01\" width=\"300\" height=\"225\" srcset=\"https:\/\/www.pfadi-nueziders.at\/wp-content\/uploads\/2015\/12\/Albanien01-300x225.jpg 300w, https:\/\/www.pfadi-nueziders.at\/wp-content\/uploads\/2015\/12\/Albanien01-768x576.jpg 768w, https:\/\/www.pfadi-nueziders.at\/wp-content\/uploads\/2015\/12\/Albanien01-1024x768.jpg 1024w, https:\/\/www.pfadi-nueziders.at\/wp-content\/uploads\/2015\/12\/Albanien01-400x300.jpg 400w\" sizes=\"auto, (max-width: 300px) 100vw, 300px\" \/><\/p>\n<p><img loading=\"lazy\" decoding=\"async\" class=\"size-medium wp-image-504 alignright\" src=\"https:\/\/www.pfadi-nueziders.at\/wp-content\/uploads\/2015\/12\/Albanien02-300x225.jpg\" alt=\"Albanien02\" width=\"300\" height=\"225\" srcset=\"https:\/\/www.pfadi-nueziders.at\/wp-content\/uploads\/2015\/12\/Albanien02-300x225.jpg 300w, https:\/\/www.pfadi-nueziders.at\/wp-content\/uploads\/2015\/12\/Albanien02-768x576.jpg 768w, https:\/\/www.pfadi-nueziders.at\/wp-content\/uploads\/2015\/12\/Albanien02-1024x768.jpg 1024w, https:\/\/www.pfadi-nueziders.at\/wp-content\/uploads\/2015\/12\/Albanien02-400x300.jpg 400w\" sizes=\"auto, (max-width: 300px) 100vw, 300px\" \/><\/p>\n<p>Im Dezember 2015 hatte ich die einmalige M\u00f6glichkeit, mit vier weiteren Vorarlberger Pfadfindern nach Albanien in die Gegend Mirdite zu reisen, haupts\u00e4chlich um dort die Kinder mit den Weihnachtspaketen zu beschenken, welche allj\u00e4hrlich von den Vorarlberger Pfadis organisiert werden.<\/p>\n<p>&nbsp;<\/p>\n<p><a name=\"_GoBack\"><\/a> Die Reise war f\u00fcr mich eine tiefgreifende Erfahrung, in der ich das Land, die Leute und die Kultur ein bisschen kennenlernen durfte. Es war sehr schwer mitanzuschauen, besonders bei den Kindern, wie in Albanien der Alltag gemeistert werden muss. Wir durften ein paar <img loading=\"lazy\" decoding=\"async\" class=\"size-medium wp-image-505 alignright\" src=\"https:\/\/www.pfadi-nueziders.at\/wp-content\/uploads\/2015\/12\/Albanien03-300x225.jpg\" alt=\"Albanien03\" width=\"300\" height=\"225\" srcset=\"https:\/\/www.pfadi-nueziders.at\/wp-content\/uploads\/2015\/12\/Albanien03-300x225.jpg 300w, https:\/\/www.pfadi-nueziders.at\/wp-content\/uploads\/2015\/12\/Albanien03-768x576.jpg 768w, https:\/\/www.pfadi-nueziders.at\/wp-content\/uploads\/2015\/12\/Albanien03-1024x768.jpg 1024w, https:\/\/www.pfadi-nueziders.at\/wp-content\/uploads\/2015\/12\/Albanien03-400x300.jpg 400w\" sizes=\"auto, (max-width: 300px) 100vw, 300px\" \/>Familien zuhause besuchen, um einen Eindruck \u00fcber das Leben in der Gegend Mirdite zu bekommen. Barfu\u00df, in ausgelatschten Sandalen und einem kurzen Pullunder stand ein kleines M\u00e4dchen in der Haust\u00fcrschwelle, lediglich ein Vorhang sch\u00fctzte die Familie von der K\u00e4lte, einer st\u00e4ndigen Begleiterin im Winter Albaniens. Kritisch wurden wir be\u00e4ugt, Besucher sind sehr selten in dieser Gegend. In diesem Augenblick realisierte ich erst, was die Albanienhilfe wirklich bedeutet.<img loading=\"lazy\" decoding=\"async\" class=\"size-medium wp-image-506 alignleft\" src=\"https:\/\/www.pfadi-nueziders.at\/wp-content\/uploads\/2015\/12\/Albanien04-300x225.jpg\" alt=\"Albanien04\" width=\"300\" height=\"225\" srcset=\"https:\/\/www.pfadi-nueziders.at\/wp-content\/uploads\/2015\/12\/Albanien04-300x225.jpg 300w, https:\/\/www.pfadi-nueziders.at\/wp-content\/uploads\/2015\/12\/Albanien04-768x576.jpg 768w, https:\/\/www.pfadi-nueziders.at\/wp-content\/uploads\/2015\/12\/Albanien04-1024x768.jpg 1024w, https:\/\/www.pfadi-nueziders.at\/wp-content\/uploads\/2015\/12\/Albanien04-400x300.jpg 400w\" sizes=\"auto, (max-width: 300px) 100vw, 300px\" \/><\/p>\n<p>&nbsp;<\/p>\n<p>Unsere Weihnachtspakete, die f\u00fcr \u00f6sterreichische Verh\u00e4ltnisse sehr sp\u00e4rlich best\u00fcckt sind, sind f\u00fcr diese Kinder ein Paket voller sch\u00f6ner \u00dcberraschungen und l\u00f6sen eine Welle der Freude ihnen aus. Den Kindern in den Schulen die Weihnachtspakte zu \u00fcberreichen und ihnen damit einen Gl\u00fccksmoment in ihrem rauen Alltag schenken zu k\u00f6nnen, war etwas Wundersch\u00f6nes.<\/p>\n<p>&nbsp;<\/p>\n<p><img loading=\"lazy\" decoding=\"async\" class=\"size-medium wp-image-507 alignright\" src=\"https:\/\/www.pfadi-nueziders.at\/wp-content\/uploads\/2015\/12\/Albanien05-300x225.jpg\" alt=\"Albanien05\" width=\"300\" height=\"225\" srcset=\"https:\/\/www.pfadi-nueziders.at\/wp-content\/uploads\/2015\/12\/Albanien05-300x225.jpg 300w, https:\/\/www.pfadi-nueziders.at\/wp-content\/uploads\/2015\/12\/Albanien05-768x576.jpg 768w, https:\/\/www.pfadi-nueziders.at\/wp-content\/uploads\/2015\/12\/Albanien05-1024x768.jpg 1024w, https:\/\/www.pfadi-nueziders.at\/wp-content\/uploads\/2015\/12\/Albanien05-400x300.jpg 400w\" sizes=\"auto, (max-width: 300px) 100vw, 300px\" \/>Mir hat diese Reise gezeigt, weshalb wir jedes Jahr wieder diese Pakete f\u00fcr die Kinder in Albanien packen sollten und wie wichtig ein kleiner Gl\u00fccksmoment sein kann. Ich werde Weihnachten heuer in einem ganz neuen Licht sehen und werde mich \u00fcber die kleinsten Dinge am meisten freuen. Ich m\u00f6chte mich an dieser Stelle beim Landesverband der Vorarlberger Pfadfinder\/innen f\u00fcr die Erm\u00f6glichung dieser pr\u00e4genden und einf\u00fchlsamen Erfahrung ganz ganz herzlich bedanken und nat\u00fcrlich auch bei jenen, die ein Paket f\u00fcr die Kinder nach Albanien geschickt und so einem Kind einen so wertvollen Gl\u00fccksmoment geschenkt haben. Ich hoffe, dass wir gemeinsam weiterhin so viele Pakete verschenken k\u00f6nnen.<\/p>\n<p>Eure<br \/>\n<strong>Sarah<\/strong><\/p>\n","protected":false},"excerpt":{"rendered":"<p>Im Dezember 2015 hatte ich die einmalige M\u00f6glichkeit, mit vier weiteren Vorarlberger Pfadfindern nach Albanien in die Gegend Mirdite zu reisen, haupts\u00e4chlich um dort die Kinder mit den Weihnachtspaketen zu beschenken, welche allj\u00e4hrlich von den Vorarlberger Pfadis organisiert werden. &nbsp; &hellip; <a href=\"https:\/\/www.pfadi-nueziders.at\/?page_id=510\">Weiterlesen <span class=\"meta-nav\">&rarr;<\/span><\/a><\/p>\n","protected":false},"author":1,"featured_media":506,"parent":57,"menu_order":0,"comment_status":"open","ping_status":"open","template":"sidebar-page.php","meta":{"ngg_post_thumbnail":0,"footnotes":""},"class_list":["post-510","page","type-page","status-publish","has-post-thumbnail","hentry"],"_links":{"self":[{"href":"https:\/\/www.pfadi-nueziders.at\/index.php?rest_route=\/wp\/v2\/pages\/510","targetHints":{"allow":["GET"]}}],"collection":[{"href":"https:\/\/www.pfadi-nueziders.at\/index.php?rest_route=\/wp\/v2\/pages"}],"about":[{"href":"https:\/\/www.pfadi-nueziders.at\/index.php?rest_route=\/wp\/v2\/types\/page"}],"author":[{"embeddable":true,"href":"https:\/\/www.pfadi-nueziders.at\/index.php?rest_route=\/wp\/v2\/users\/1"}],"replies":[{"embeddable":true,"href":"https:\/\/www.pfadi-nueziders.at\/index.php?rest_route=%2Fwp%2Fv2%2Fcomments&post=510"}],"version-history":[{"count":8,"href":"https:\/\/www.pfadi-nueziders.at\/index.php?rest_route=\/wp\/v2\/pages\/510\/revisions"}],"predecessor-version":[{"id":2688,"href":"https:\/\/www.pfadi-nueziders.at\/index.php?rest_route=\/wp\/v2\/pages\/510\/revisions\/2688"}],"up":[{"embeddable":true,"href":"https:\/\/www.pfadi-nueziders.at\/index.php?rest_route=\/wp\/v2\/pages\/57"}],"wp:featuredmedia":[{"embeddable":true,"href":"https:\/\/www.pfadi-nueziders.at\/index.php?rest_route=\/wp\/v2\/media\/506"}],"wp:attachment":[{"href":"https:\/\/www.pfadi-nueziders.at\/index.php?rest_route=%2Fwp%2Fv2%2Fmedia&parent=510"}],"curies":[{"name":"wp","href":"https:\/\/api.w.org\/{rel}","templated":true}]}}